{"id":128,"date":"2023-07-06T13:26:33","date_gmt":"2023-07-06T13:26:33","guid":{"rendered":"https:\/\/www.ecometta.org\/WordPress\/?page_id=128"},"modified":"2024-01-27T19:36:07","modified_gmt":"2024-01-27T19:36:07","slug":"quienes-somos","status":"publish","type":"page","link":"https:\/\/www.ecometta.org\/WordPress\/quienes-somos\/","title":{"rendered":"Quienes Somos\u00a0"},"content":{"rendered":"\t\t<div data-elementor-type=\"wp-page\" data-elementor-id=\"128\" class=\"elementor elementor-128\" data-elementor-post-type=\"page\">\n\t\t\t\t\t\t<section class=\"elementor-section elementor-top-section elementor-element elementor-element-5941437 elementor-section-boxed elementor-section-height-default elementor-section-height-default\" data-id=\"5941437\" data-element_type=\"section\">\n\t\t\t\t\t\t<div class=\"elementor-container elementor-column-gap-default\">\n\t\t\t\t\t<div class=\"aux-parallax-section elementor-column elementor-col-33 elementor-top-column elementor-element elementor-element-1b6924c\" data-id=\"1b6924c\" data-element_type=\"column\">\n\t\t\t<div class=\"elementor-widget-wrap\">\n\t\t\t\t\t\t\t<\/div>\n\t\t<\/div>\n\t\t\t\t<div class=\"aux-parallax-section elementor-column elementor-col-33 elementor-top-column elementor-element elementor-element-a505b07\" data-id=\"a505b07\" data-element_type=\"column\">\n\t\t\t<div class=\"elementor-widget-wrap elementor-element-populated\">\n\t\t\t\t\t\t<div class=\"elementor-element elementor-element-c569bce elementor-widget__width-initial elementor-widget elementor-widget-accordion\" data-id=\"c569bce\" data-element_type=\"widget\" data-widget_type=\"accordion.default\">\n\t\t\t\t<div class=\"elementor-widget-container\">\n\t\t\t\t\t\t\t<div class=\"elementor-accordion\">\n\t\t\t\t\t\t\t<div class=\"elementor-accordion-item\">\n\t\t\t\t\t<div id=\"elementor-tab-title-2071\" class=\"elementor-tab-title\" data-tab=\"1\" role=\"button\" aria-controls=\"elementor-tab-content-2071\" aria-expanded=\"false\">\n\t\t\t\t\t\t\t\t\t\t\t\t\t<span class=\"elementor-accordion-icon elementor-accordion-icon-left\" aria-hidden=\"true\">\n\t\t\t\t\t\t\t\t\t\t\t\t\t\t\t<span class=\"elementor-accordion-icon-closed\"><i class=\"far fa-caret-square-down\"><\/i><\/span>\n\t\t\t\t\t\t\t\t<span class=\"elementor-accordion-icon-opened\"><i class=\"fas fa-minus\"><\/i><\/span>\n\t\t\t\t\t\t\t\t\t\t\t\t\t\t<\/span>\n\t\t\t\t\t\t\t\t\t\t\t\t<a class=\"elementor-accordion-title\" tabindex=\"0\">Antecedentes<\/a>\n\t\t\t\t\t<\/div>\n\t\t\t\t\t<div id=\"elementor-tab-content-2071\" class=\"elementor-tab-content elementor-clearfix\" data-tab=\"1\" role=\"region\" aria-labelledby=\"elementor-tab-title-2071\"><p><span style=\"color: #444444;\">Despu\u00e9s de 5 a\u00f1os de divulgar la Meteorolog\u00eda gracias a la web: www.eltiempodelosaficionados.com nos dimos cuenta que una de las secciones acapar\u00f3 el r\u00e9cord de participaci\u00f3n de ni\u00f1as, ni\u00f1os y familias enteras. Ecometta fue el nombre para el primer concurso de dibujo eco-meteorol\u00f3gico que se ha hecho en Espa\u00f1a y, en su segunda edici\u00f3n, motiv\u00f3 a 500 peque\u00f1os a realizar dibujos en los que intervinieran fen\u00f3menos atmosf\u00e9ricos y elementos que ayudaran a mejorar nuestro Medio Ambiente tales como, contenedores de reciclaje, bombillas de bajo consumo, energ\u00edas renovables, etc. El \u00e9xito fue rotundo, m\u00e1s de 500 familias de todo el Mundo y muchos dibujos se exihibieron en los medios de comunicaci\u00f3n.\u00a0<\/span><\/p><p><span style=\"color: #444444; font-size: 16.0016px;\">En la Televisi\u00f3n de Badalona dieron amplia difusi\u00f3n a este evento in\u00e9dito.<\/span><\/p><p><iframe title=\"YouTube video player\" src=\"https:\/\/www.youtube.com\/embed\/XVQWibq2Vx0?si=iG6fkqmlWrNtIH1s\" width=\"560\" height=\"315\" frameborder=\"0\" allowfullscreen=\"allowfullscreen\"><\/iframe><\/p><p><span style=\"color: #444444; font-size: 16.0016px;\">Este concurso naci\u00f3 como una idea de nuestro hijo menor Jonatan que contaba con tan solo 8 a\u00f1os en la 1\u00aa edici\u00f3n. Casi sin darnos cuenta, mirando los cinco a\u00f1os de camino realizado en el terrreno de la Meteorolog\u00eda, nos hab\u00edamos introducido en la Naturaleza y el medio ambiente. Nuestro inter\u00e9s por divulgar nuestros conocimientos en las escuelas y en centros donde nos ped\u00edan charlas, junto a mi formaci\u00f3n como educador ambiental y aficionado a la Meteorolog\u00eda, ha motivado que un concurso se convierta en la Asociaci\u00f3n Ecometta (Eco:Ecolog\u00eda Met: Meteorolog\u00eda TA: del Tiempo de los Aficionados)<\/span><\/p><\/div>\n\t\t\t\t<\/div>\n\t\t\t\t\t\t\t<div class=\"elementor-accordion-item\">\n\t\t\t\t\t<div id=\"elementor-tab-title-2072\" class=\"elementor-tab-title\" data-tab=\"2\" role=\"button\" aria-controls=\"elementor-tab-content-2072\" aria-expanded=\"false\">\n\t\t\t\t\t\t\t\t\t\t\t\t\t<span class=\"elementor-accordion-icon elementor-accordion-icon-left\" aria-hidden=\"true\">\n\t\t\t\t\t\t\t\t\t\t\t\t\t\t\t<span class=\"elementor-accordion-icon-closed\"><i class=\"far fa-caret-square-down\"><\/i><\/span>\n\t\t\t\t\t\t\t\t<span class=\"elementor-accordion-icon-opened\"><i class=\"fas fa-minus\"><\/i><\/span>\n\t\t\t\t\t\t\t\t\t\t\t\t\t\t<\/span>\n\t\t\t\t\t\t\t\t\t\t\t\t<a class=\"elementor-accordion-title\" tabindex=\"0\">El s\u00edmbolo: <\/a>\n\t\t\t\t\t<\/div>\n\t\t\t\t\t<div id=\"elementor-tab-content-2072\" class=\"elementor-tab-content elementor-clearfix\" data-tab=\"2\" role=\"region\" aria-labelledby=\"elementor-tab-title-2072\"><p>La imagen corresponde a una semilla real, aunque transformada mediante Photoshop, justo en el momento de comenzar la vida. Simboliza nuestro nacimiento en internet. El negro representa la oscuridad de la ignorancia y la luz, el conocimiento que nos lleva a admirar lo que nos rodea.<\/p><p><img decoding=\"async\" class=\"alignnone size-full wp-image-115\" src=\"https:\/\/www.ecometta.org\/WordPress\/wp-content\/uploads\/2023\/07\/cropped-LogoEcometta-e1688393196413.png\" alt=\"\" width=\"150\" height=\"150\" \/><img decoding=\"async\" class=\"alignnone  wp-image-1928\" src=\"https:\/\/www.ecometta.org\/WordPress\/wp-content\/uploads\/2023\/09\/cropped-Recurso-6@3xec-300x300.png\" alt=\"\" width=\"165\" height=\"165\" srcset=\"https:\/\/www.ecometta.org\/WordPress\/wp-content\/uploads\/2023\/09\/cropped-Recurso-6@3xec-300x300.png 300w, https:\/\/www.ecometta.org\/WordPress\/wp-content\/uploads\/2023\/09\/cropped-Recurso-6@3xec-150x150.png 150w, https:\/\/www.ecometta.org\/WordPress\/wp-content\/uploads\/2023\/09\/cropped-Recurso-6@3xec-200x200.png 200w, https:\/\/www.ecometta.org\/WordPress\/wp-content\/uploads\/2023\/09\/cropped-Recurso-6@3xec-270x270.png 270w, https:\/\/www.ecometta.org\/WordPress\/wp-content\/uploads\/2023\/09\/cropped-Recurso-6@3xec-192x192.png 192w, https:\/\/www.ecometta.org\/WordPress\/wp-content\/uploads\/2023\/09\/cropped-Recurso-6@3xec-180x180.png 180w, https:\/\/www.ecometta.org\/WordPress\/wp-content\/uploads\/2023\/09\/cropped-Recurso-6@3xec-32x32.png 32w, https:\/\/www.ecometta.org\/WordPress\/wp-content\/uploads\/2023\/09\/cropped-Recurso-6@3xec.png 512w\" sizes=\"(max-width: 165px) 100vw, 165px\" \/><\/p><\/div>\n\t\t\t\t<\/div>\n\t\t\t\t\t\t\t<div class=\"elementor-accordion-item\">\n\t\t\t\t\t<div id=\"elementor-tab-title-2073\" class=\"elementor-tab-title\" data-tab=\"3\" role=\"button\" aria-controls=\"elementor-tab-content-2073\" aria-expanded=\"false\">\n\t\t\t\t\t\t\t\t\t\t\t\t\t<span class=\"elementor-accordion-icon elementor-accordion-icon-left\" aria-hidden=\"true\">\n\t\t\t\t\t\t\t\t\t\t\t\t\t\t\t<span class=\"elementor-accordion-icon-closed\"><i class=\"far fa-caret-square-down\"><\/i><\/span>\n\t\t\t\t\t\t\t\t<span class=\"elementor-accordion-icon-opened\"><i class=\"fas fa-minus\"><\/i><\/span>\n\t\t\t\t\t\t\t\t\t\t\t\t\t\t<\/span>\n\t\t\t\t\t\t\t\t\t\t\t\t<a class=\"elementor-accordion-title\" tabindex=\"0\">Los colores de las letras: <\/a>\n\t\t\t\t\t<\/div>\n\t\t\t\t\t<div id=\"elementor-tab-content-2073\" class=\"elementor-tab-content elementor-clearfix\" data-tab=\"3\" role=\"region\" aria-labelledby=\"elementor-tab-title-2073\"><p><span class=\"ff2 fc3 fs10 fb\" style=\"color: #00ff00;\">ECO<\/span><span class=\"ff2 fc0 fs10\"><span style=\"color: #00ff00;\">:<\/span> el verde simboliza la Naturaleza, la Ecolog\u00eda<\/span><span class=\"ff1 fc0 fs10\"> <br \/><\/span><span class=\"ff2 fc4 fs10 fb\" style=\"color: #ff9900;\">M<\/span><span class=\"ff2 fc5 fs10 fb\" style=\"color: #ff0000;\">E<\/span><span class=\"ff2 fc6 fs10 fb\" style=\"color: #ff00ff;\">T<\/span><span class=\"ff2 fc0 fs10\">: el naranja, el rojo y el lila simbolizan los colores m\u00e1s utilizados para mostrar en los mapas del tiempo las situaciones de riesgo meteorol\u00f3gicas. Meteorolog\u00eda<\/span><span class=\"ff1 fc0 fs10\"> <br \/><\/span><span class=\"ff2 fc7 fs10 fb\" style=\"color: #0000ff;\">TA<\/span><span class=\"ff2 fc0 fs10\">: el azul es el color que m\u00e1s utilizamos en la web de \u00abel Tiempo de los Aficionados\u00bb y tambi\u00e9n est\u00e1 presente en su logo simbolizando el color del cielo que rodea nuestro planeta.<\/span><\/p><\/div>\n\t\t\t\t<\/div>\n\t\t\t\t\t\t\t<div class=\"elementor-accordion-item\">\n\t\t\t\t\t<div id=\"elementor-tab-title-2074\" class=\"elementor-tab-title\" data-tab=\"4\" role=\"button\" aria-controls=\"elementor-tab-content-2074\" aria-expanded=\"false\">\n\t\t\t\t\t\t\t\t\t\t\t\t\t<span class=\"elementor-accordion-icon elementor-accordion-icon-left\" aria-hidden=\"true\">\n\t\t\t\t\t\t\t\t\t\t\t\t\t\t\t<span class=\"elementor-accordion-icon-closed\"><i class=\"far fa-caret-square-down\"><\/i><\/span>\n\t\t\t\t\t\t\t\t<span class=\"elementor-accordion-icon-opened\"><i class=\"fas fa-minus\"><\/i><\/span>\n\t\t\t\t\t\t\t\t\t\t\t\t\t\t<\/span>\n\t\t\t\t\t\t\t\t\t\t\t\t<a class=\"elementor-accordion-title\" tabindex=\"0\">Curiosidad: <\/a>\n\t\t\t\t\t<\/div>\n\t\t\t\t\t<div id=\"elementor-tab-content-2074\" class=\"elementor-tab-content elementor-clearfix\" data-tab=\"4\" role=\"region\" aria-labelledby=\"elementor-tab-title-2074\"><p><span class=\"ff2 fc0 fs10\">El 21 de Febrero de 2011 variamos nuestro logo original. En la presentaci\u00f3n oficial de la Asociaci\u00f3n en el Observatorio de Pujal, una persona nos coment\u00f3 que nuestro logo estaba al rev\u00e9s. En un v\u00eddeo que muestra como crecen las semillas, pudimos ver que lo primero que sal\u00eda eran la raices, hacia abajo. Efectivamente la semilla estaba al rev\u00e9s en el logo. Lo modificamos teniendo en cuenta este importante comentario. La planta sabe que no puede crecer sin tener una buena raiz que le de sustento y seguridad. <\/span><span class=\"ff1 fc0 fs10\"><br \/><br \/><\/span><span class=\"ff2 fc0 fs10\">Este logo no podr\u00e1 ser utilizado sin nuestro consentimiento expreso. Lo pod\u00e9is a\u00f1adir a vuestra web siempre que nos lo solicit\u00e9is mediante nuestro correo electr\u00f3nico. Recordad que no se debe modificar (solo el tama\u00f1o) y le deb\u00e9is a\u00f1adir el enlace a la p\u00e1gina principal de nuestra web:\u00a0\u00a0<a href=\"http:\/\/www.ecometta.org\/\">http:\/\/www.ecometta.org<\/a><\/span><span class=\"ff1 fc0 fs10\"><span class=\"Apple-converted-space\">\u00a0<\/span><\/span><\/p><\/div>\n\t\t\t\t<\/div>\n\t\t\t\t\t\t\t\t<\/div>\n\t\t\t\t\t\t<\/div>\n\t\t\t\t<\/div>\n\t\t\t\t<div class=\"elementor-element elementor-element-59015ec elementor-widget elementor-widget-text-editor\" data-id=\"59015ec\" data-element_type=\"widget\" data-widget_type=\"text-editor.default\">\n\t\t\t\t<div class=\"elementor-widget-container\">\n\t\t\t\t\t\t\t\t\t<p style=\"text-align: center;\"><span class=\"ff2 fc0 fs10\">La Asociaci\u00f3n Ecometta es una organizaci\u00f3n sin \u00e1nimo de lucro legalmente constituida el&nbsp;17 de Junio de 2010 e inscrita en la&nbsp;<\/span><span class=\"ff2 fc3 fs10\"><a class=\"ImLink\" title=\"\" href=\"http:\/\/justicia.gencat.cat\/ca\/serveis\/guia_d_entitats\/index.html?accion=detalle&amp;pag=1&amp;identitat=76048&amp;idtipus=2&amp;v_tipent=2&amp;v_classif=36&amp;v_final=&amp;v_prov=8&amp;v_comarca=13&amp;v_poblacio=Badalona&amp;v_nom=associaci%F3+Ecometta&amp;v_partit=cap&amp;v_nombrecensal=&amp;v_dataaltacens=\">Direcci\u00f3 General de Dret i d&#8217;Entitats Juridiques del Departament de Justicia de la Generalitat de Catalunya<\/a>&nbsp;el 1 de Septiembre de 2010.<\/span><\/p>\n<p><span class=\"ff2 fc0 fs12\">\u00bf<b>Qu\u00e9 hacemos?<\/b><\/span><\/p>\n<p><span class=\"ff2 fc0 fs10\">Promovemos cualquier tipo de actividad relacionada con el Medio Ambiente mediante la colaboraci\u00f3n con otras entidades cient\u00edficas, privadas i\/o administraciones; confeccionamos, publicamos y\/o editamos, as\u00ed como vendemos material de estudio en cualquier tipo de soporte; organizamos cursos, seminarios o todo tipo de actos relacionados con el medio ambiente, as\u00ed como cualquier otra actividad l\u00edcita que consideremos de utilidad para nuestro objetivo educativo, tal y como figura en nuestros nuevos&nbsp;<a href=\"https:\/\/www.ecometta.org\/NOUS_ESTATUTS_02012024.pdf\" target=\"_blank\" rel=\"noopener\">ESTATUTOS<\/a>&nbsp;(02\/01\/2024).<\/span><\/p>\t\t\t\t\t\t\t\t<\/div>\n\t\t\t\t<\/div>\n\t\t\t\t\t<\/div>\n\t\t<\/div>\n\t\t\t\t<div class=\"aux-parallax-section elementor-column elementor-col-33 elementor-top-column elementor-element elementor-element-78d61b3\" data-id=\"78d61b3\" data-element_type=\"column\">\n\t\t\t<div class=\"elementor-widget-wrap\">\n\t\t\t\t\t\t\t<\/div>\n\t\t<\/div>\n\t\t\t\t\t<\/div>\n\t\t<\/section>\n\t\t\t\t<section class=\"elementor-section elementor-top-section elementor-element elementor-element-9589883 elementor-section-boxed elementor-section-height-default elementor-section-height-default\" data-id=\"9589883\" data-element_type=\"section\">\n\t\t\t\t\t\t<div class=\"elementor-container elementor-column-gap-default\">\n\t\t\t\t\t<div class=\"aux-parallax-section elementor-column elementor-col-25 elementor-top-column elementor-element elementor-element-89bd6a8\" data-id=\"89bd6a8\" data-element_type=\"column\">\n\t\t\t<div class=\"elementor-widget-wrap\">\n\t\t\t\t\t\t\t<\/div>\n\t\t<\/div>\n\t\t\t\t<div class=\"aux-parallax-section elementor-column elementor-col-25 elementor-top-column elementor-element elementor-element-a7d210b\" data-id=\"a7d210b\" data-element_type=\"column\">\n\t\t\t<div class=\"elementor-widget-wrap elementor-element-populated\">\n\t\t\t\t\t\t<div class=\"elementor-element elementor-element-e065f39 elementor-widget elementor-widget-heading\" data-id=\"e065f39\" data-element_type=\"widget\" data-widget_type=\"heading.default\">\n\t\t\t\t<div class=\"elementor-widget-container\">\n\t\t\t\t\t<h3 class=\"elementor-heading-title elementor-size-default\">Integrantes:<\/h3>\t\t\t\t<\/div>\n\t\t\t\t<\/div>\n\t\t\t\t<div class=\"elementor-element elementor-element-fdf76f7 elementor-widget elementor-widget-text-editor\" data-id=\"fdf76f7\" data-element_type=\"widget\" data-widget_type=\"text-editor.default\">\n\t\t\t\t<div class=\"elementor-widget-container\">\n\t\t\t\t\t\t\t\t\t<p style=\"text-align: left;\"><strong><span class=\"ff2 fc4 fs10\">Nueva Junta directiva 2024:<\/span><\/strong><span class=\"ff2 fc0 fs10\"> <br \/><\/span><span class=\"ff1 fc0 fs10\"><br \/><\/span><span class=\"ff2 fc0 fs10\"><strong>Presidente y Fundador:<\/strong>\u00a0Enrique S\u00e1nchez M\u00e9liz<br \/><\/span><span class=\"ff2 fc0 fs10\"><strong>Secretario:<\/strong>\u00a0Alfons Puertas<\/span><span class=\"ff1 fc0 fs10\"><br \/><\/span><span class=\"ff2 fc0 fs10\"><strong>Tesorero:<\/strong>\u00a0Jonatan S\u00e1nchez Benito<br \/><\/span><\/p>\t\t\t\t\t\t\t\t<\/div>\n\t\t\t\t<\/div>\n\t\t\t\t\t<\/div>\n\t\t<\/div>\n\t\t\t\t<div class=\"aux-parallax-section elementor-column elementor-col-25 elementor-top-column elementor-element elementor-element-25d66c6\" data-id=\"25d66c6\" data-element_type=\"column\">\n\t\t\t<div class=\"elementor-widget-wrap elementor-element-populated\">\n\t\t\t\t\t\t<div class=\"elementor-element elementor-element-86496f5 elementor-widget elementor-widget-heading\" data-id=\"86496f5\" data-element_type=\"widget\" data-widget_type=\"heading.default\">\n\t\t\t\t<div class=\"elementor-widget-container\">\n\t\t\t\t\t<h3 class=\"elementor-heading-title elementor-size-default\">Colaboraciones especiales:<\/h3>\t\t\t\t<\/div>\n\t\t\t\t<\/div>\n\t\t\t\t<div class=\"elementor-element elementor-element-77ab55a elementor-widget elementor-widget-text-editor\" data-id=\"77ab55a\" data-element_type=\"widget\" data-widget_type=\"text-editor.default\">\n\t\t\t\t<div class=\"elementor-widget-container\">\n\t\t\t\t\t\t\t\t\t<p style=\"color: #000000; font-family: 'Times New Roman'; font-size: 8px; margin-bottom: 0px; padding: 0px;\"><strong style=\"color: #444444; font-family: Montserrat; font-size: 16.0016px;\">Departamento fiscal y jur\u00eddico:<\/strong><\/p><p><a style=\"background-color: white; font-size: 16.0016px;\" href=\"https:\/\/arc-associats.net\/es\/\" target=\"_blank\" rel=\"noopener\">Arc i Associats<\/a>\u00a0&#8211; Asesor\u00eda fiscal y legal integral<\/p><p style=\"margin-bottom: 0px; color: #000000; font-family: 'Times New Roman'; font-size: 8px; padding: 0px;\"><span style=\"font-weight: 600; color: #444444; font-family: Montserrat; font-size: 16.0016px;\">Dise\u00f1o web:<\/span><\/p><p style=\"font-size: 16.0016px;\"><a style=\"background-color: white; font-size: 16.0016px;\" href=\"https:\/\/debisual.com\/\" target=\"_blank\" rel=\"noopener\">D-Visual<\/a>\u00a0<\/p><p style=\"margin-bottom: 0px; color: #000000; font-family: 'Times New Roman'; font-size: 8px; padding: 0px;\"><span style=\"font-weight: 600; color: #444444; font-family: Montserrat; font-size: 16.0016px;\">Fotograf\u00eda:<\/span><\/p><p style=\"font-size: 16.0016px;\">Felipe G. Fuertes<\/p><p style=\"margin-bottom: 0px; color: #000000; font-family: 'Times New Roman'; font-size: 8px; padding: 0px;\"><span style=\"color: #444444; font-family: Montserrat; font-size: 16.0016px; font-weight: 600;\">Socia de honor:<\/span><\/p><p style=\"font-size: 16.0016px;\">Tippi Degr\u00e9<\/p>\t\t\t\t\t\t\t\t<\/div>\n\t\t\t\t<\/div>\n\t\t\t\t\t<\/div>\n\t\t<\/div>\n\t\t\t\t<div class=\"aux-parallax-section elementor-column elementor-col-25 elementor-top-column elementor-element elementor-element-c032371\" data-id=\"c032371\" data-element_type=\"column\">\n\t\t\t<div class=\"elementor-widget-wrap\">\n\t\t\t\t\t\t\t<\/div>\n\t\t<\/div>\n\t\t\t\t\t<\/div>\n\t\t<\/section>\n\t\t\t\t<section class=\"elementor-section elementor-top-section elementor-element elementor-element-4e1bf81 elementor-section-boxed elementor-section-height-default elementor-section-height-default\" data-id=\"4e1bf81\" data-element_type=\"section\">\n\t\t\t\t\t\t<div class=\"elementor-container elementor-column-gap-default\">\n\t\t\t\t\t<div class=\"aux-parallax-section elementor-column elementor-col-33 elementor-top-column elementor-element elementor-element-51fb77b\" data-id=\"51fb77b\" data-element_type=\"column\">\n\t\t\t<div class=\"elementor-widget-wrap\">\n\t\t\t\t\t\t\t<\/div>\n\t\t<\/div>\n\t\t\t\t<div class=\"aux-parallax-section elementor-column elementor-col-33 elementor-top-column elementor-element elementor-element-9e75190\" data-id=\"9e75190\" data-element_type=\"column\">\n\t\t\t<div class=\"elementor-widget-wrap elementor-element-populated\">\n\t\t\t\t\t\t<div class=\"elementor-element elementor-element-3c0689e elementor-widget elementor-widget-text-editor\" data-id=\"3c0689e\" data-element_type=\"widget\" data-widget_type=\"text-editor.default\">\n\t\t\t\t<div class=\"elementor-widget-container\">\n\t\t\t\t\t\t\t\t\t<p style=\"text-align: center;\">CONTACTO<\/p><p style=\"text-align: center;\"><b>ecomettaorg@gmail.com<\/b><br \/><strong style=\"font-size: 16.0016px;\">Tel\u00e9fono de contacto<\/strong><span style=\"font-size: 16.0016px;\"> 608 525 021 llamadas en horario laboral<\/span><\/p><p style=\"text-align: center;\">(de lunes a viernes de 9 a 13 y de 16 a 20 horas en horaro oficial de Espa\u00f1a)<\/p><p style=\"text-align: center;\"><em>Si no te podemos contestar d\u00e9janos un mensaje con tu nombre y tel\u00e9fono de contacto y te llamaremos lo antes posible.<\/em><\/p>\t\t\t\t\t\t\t\t<\/div>\n\t\t\t\t<\/div>\n\t\t\t\t\t<\/div>\n\t\t<\/div>\n\t\t\t\t<div class=\"aux-parallax-section elementor-column elementor-col-33 elementor-top-column elementor-element elementor-element-7525bda\" data-id=\"7525bda\" data-element_type=\"column\">\n\t\t\t<div class=\"elementor-widget-wrap\">\n\t\t\t\t\t\t\t<\/div>\n\t\t<\/div>\n\t\t\t\t\t<\/div>\n\t\t<\/section>\n\t\t\t\t<\/div>\n\t\t","protected":false},"excerpt":{"rendered":"<p>Antecedentes Despu\u00e9s de 5 a\u00f1os de divulgar la Meteorolog\u00eda gracias a la web: www.eltiempodelosaficionados.com nos dimos cuenta que una de las secciones acapar\u00f3 el r\u00e9cord de participaci\u00f3n de ni\u00f1as, ni\u00f1os y familias enteras. Ecometta fue el nombre para el primer concurso de dibujo eco-meteorol\u00f3gico que se ha hecho en Espa\u00f1a y, en su segunda edici\u00f3n, [&hellip;]<\/p>\n","protected":false},"author":1,"featured_media":0,"parent":0,"menu_order":0,"comment_status":"closed","ping_status":"closed","template":"","meta":{"footnotes":""},"class_list":["post-128","page","type-page","status-publish","hentry"],"_links":{"self":[{"href":"https:\/\/www.ecometta.org\/WordPress\/wp-json\/wp\/v2\/pages\/128","targetHints":{"allow":["GET"]}}],"collection":[{"href":"https:\/\/www.ecometta.org\/WordPress\/wp-json\/wp\/v2\/pages"}],"about":[{"href":"https:\/\/www.ecometta.org\/WordPress\/wp-json\/wp\/v2\/types\/page"}],"author":[{"embeddable":true,"href":"https:\/\/www.ecometta.org\/WordPress\/wp-json\/wp\/v2\/users\/1"}],"replies":[{"embeddable":true,"href":"https:\/\/www.ecometta.org\/WordPress\/wp-json\/wp\/v2\/comments?post=128"}],"version-history":[{"count":39,"href":"https:\/\/www.ecometta.org\/WordPress\/wp-json\/wp\/v2\/pages\/128\/revisions"}],"predecessor-version":[{"id":2721,"href":"https:\/\/www.ecometta.org\/WordPress\/wp-json\/wp\/v2\/pages\/128\/revisions\/2721"}],"wp:attachment":[{"href":"https:\/\/www.ecometta.org\/WordPress\/wp-json\/wp\/v2\/media?parent=128"}],"curies":[{"name":"wp","href":"https:\/\/api.w.org\/{rel}","templated":true}]}}