{"id":306,"date":"2023-07-10T13:20:45","date_gmt":"2023-07-10T13:20:45","guid":{"rendered":"https:\/\/www.ecometta.org\/WordPress\/?page_id=306"},"modified":"2023-10-17T10:56:28","modified_gmt":"2023-10-17T10:56:28","slug":"ecometta-wiki","status":"publish","type":"page","link":"https:\/\/www.ecometta.org\/WordPress\/ecometta-wiki\/","title":{"rendered":"ECOMETTA WIKI"},"content":{"rendered":"\t\t<div data-elementor-type=\"wp-page\" data-elementor-id=\"306\" class=\"elementor elementor-306\" data-elementor-post-type=\"page\">\n\t\t\t\t\t\t<section class=\"elementor-section elementor-top-section elementor-element elementor-element-5941437 elementor-section-boxed elementor-section-height-default elementor-section-height-default\" data-id=\"5941437\" data-element_type=\"section\">\n\t\t\t\t\t\t<div class=\"elementor-container elementor-column-gap-default\">\n\t\t\t\t\t<div class=\"aux-parallax-section elementor-column elementor-col-33 elementor-top-column elementor-element elementor-element-1b6924c\" data-id=\"1b6924c\" data-element_type=\"column\">\n\t\t\t<div class=\"elementor-widget-wrap\">\n\t\t\t\t\t\t\t<\/div>\n\t\t<\/div>\n\t\t\t\t<div class=\"aux-parallax-section elementor-column elementor-col-33 elementor-top-column elementor-element elementor-element-a505b07\" data-id=\"a505b07\" data-element_type=\"column\">\n\t\t\t<div class=\"elementor-widget-wrap elementor-element-populated\">\n\t\t\t\t\t\t<div class=\"elementor-element elementor-element-d7253fd elementor-widget elementor-widget-heading\" data-id=\"d7253fd\" data-element_type=\"widget\" data-widget_type=\"heading.default\">\n\t\t\t\t<div class=\"elementor-widget-container\">\n\t\t\t\t\t<h2 class=\"elementor-heading-title elementor-size-default\"><h2>Bienvenidos a Ecometta Wiki<\/h2>\n<p>La wiki de Ecometta. 41 art\u00edculos desde Febrero de 2017<\/p><\/h2>\t\t\t\t<\/div>\n\t\t\t\t<\/div>\n\t\t\t\t\t<\/div>\n\t\t<\/div>\n\t\t\t\t<div class=\"aux-parallax-section elementor-column elementor-col-33 elementor-top-column elementor-element elementor-element-78d61b3\" data-id=\"78d61b3\" data-element_type=\"column\">\n\t\t\t<div class=\"elementor-widget-wrap\">\n\t\t\t\t\t\t\t<\/div>\n\t\t<\/div>\n\t\t\t\t\t<\/div>\n\t\t<\/section>\n\t\t\t\t<section class=\"elementor-section elementor-top-section elementor-element elementor-element-7fb9586 elementor-section-boxed elementor-section-height-default elementor-section-height-default\" data-id=\"7fb9586\" data-element_type=\"section\">\n\t\t\t\t\t\t<div class=\"elementor-container elementor-column-gap-default\">\n\t\t\t\t\t<div class=\"aux-parallax-section elementor-column elementor-col-25 elementor-top-column elementor-element elementor-element-bf485fc\" data-id=\"bf485fc\" data-element_type=\"column\">\n\t\t\t<div class=\"elementor-widget-wrap\">\n\t\t\t\t\t\t\t<\/div>\n\t\t<\/div>\n\t\t\t\t<div class=\"aux-parallax-section elementor-column elementor-col-25 elementor-top-column elementor-element elementor-element-783ffd0\" data-id=\"783ffd0\" data-element_type=\"column\">\n\t\t\t<div class=\"elementor-widget-wrap elementor-element-populated\">\n\t\t\t\t\t\t<div class=\"elementor-element elementor-element-b6a366b elementor-widget__width-initial elementor-widget elementor-widget-image\" data-id=\"b6a366b\" data-element_type=\"widget\" data-widget_type=\"image.default\">\n\t\t\t\t<div class=\"elementor-widget-container\">\n\t\t\t\t\t\t\t\t\t\t\t\t\t\t\t<img fetchpriority=\"high\" decoding=\"async\" width=\"640\" height=\"594\" src=\"https:\/\/www.ecometta.org\/WordPress\/wp-content\/uploads\/2023\/07\/books-g7720ba4b7_640.png\" class=\"attachment-large size-large wp-image-310\" alt=\"\" srcset=\"https:\/\/www.ecometta.org\/WordPress\/wp-content\/uploads\/2023\/07\/books-g7720ba4b7_640.png 640w, https:\/\/www.ecometta.org\/WordPress\/wp-content\/uploads\/2023\/07\/books-g7720ba4b7_640-200x186.png 200w\" sizes=\"(max-width: 640px) 100vw, 640px\" \/>\t\t\t\t\t\t\t\t\t\t\t\t\t\t\t<\/div>\n\t\t\t\t<\/div>\n\t\t\t\t\t<\/div>\n\t\t<\/div>\n\t\t\t\t<div class=\"aux-parallax-section elementor-column elementor-col-25 elementor-top-column elementor-element elementor-element-79463a5\" data-id=\"79463a5\" data-element_type=\"column\">\n\t\t\t<div class=\"elementor-widget-wrap elementor-element-populated\">\n\t\t\t\t\t\t<div class=\"elementor-element elementor-element-59015ec elementor-widget__width-initial elementor-widget elementor-widget-text-editor\" data-id=\"59015ec\" data-element_type=\"widget\" data-widget_type=\"text-editor.default\">\n\t\t\t\t<div class=\"elementor-widget-container\">\n\t\t\t\t\t\t\t\t\t<p style=\"text-align: center;\"><span class=\"ff2 fc0 fs10\">Esta es la wiki en la que se atesoran todos los conocimientos sobre meteorolog\u00eda, ecolog\u00eda y astronom\u00eda de Ecometta.<\/span><\/p><p>Desde la\u00a0<a class=\"external text\" href=\"http:\/\/www.ecometta.org\/\" target=\"_blank\" rel=\"nofollow noreferrer noopener\">web oficial de la\u00a0<b>Asociaci\u00f3n Ecometta<\/b><\/a>\u00a0os damos la bienvenida. Este es un espacio dedicado a la educaci\u00f3n, el respeto y la admiraci\u00f3n por la Naturaleza y el medio ambiente, ese fant\u00e1stico mundo que nace desde lo m\u00e1s peque\u00f1o e imperceptible, hasta la m\u00e1s grande de las monta\u00f1as o el abismo m\u00e1s profundo.<\/p><p>Nos hemos puesto como objetivo promover actividades que ayuden a la formaci\u00f3n, la divulgaci\u00f3n y a la participaci\u00f3n en eventos meteorol\u00f3gicos, ecol\u00f3gicos y medio ambientales, as\u00ed como la colaboraci\u00f3n con entidades cient\u00edficas y de preservaci\u00f3n de especies amenazadas.<\/p><p>En este espacio familiar necesitamos tu colaboraci\u00f3n. \u00a1Critica!, \u00a1denuncia!, \u00a1colabora con nosotros!. Este es un espacio abierto, apto para todos los p\u00fablicos y en el que vamos a mejorar nuestro Planeta. Nuestro correo:\u00a0<b><u>ecomettaorg@gmail.com<\/u><\/b>\u00a0Esperamos vuestros comentarios o propuestas.<\/p>\t\t\t\t\t\t\t\t<\/div>\n\t\t\t\t<\/div>\n\t\t\t\t<div class=\"elementor-element elementor-element-4677056 elementor-widget elementor-widget-spacer\" data-id=\"4677056\" data-element_type=\"widget\" data-widget_type=\"spacer.default\">\n\t\t\t\t<div class=\"elementor-widget-container\">\n\t\t\t\t\t\t\t<div class=\"elementor-spacer\">\n\t\t\t<div class=\"elementor-spacer-inner\"><\/div>\n\t\t<\/div>\n\t\t\t\t\t\t<\/div>\n\t\t\t\t<\/div>\n\t\t\t\t\t<\/div>\n\t\t<\/div>\n\t\t\t\t<div class=\"aux-parallax-section elementor-column elementor-col-25 elementor-top-column elementor-element elementor-element-9fed0a7\" data-id=\"9fed0a7\" data-element_type=\"column\">\n\t\t\t<div class=\"elementor-widget-wrap\">\n\t\t\t\t\t\t\t<\/div>\n\t\t<\/div>\n\t\t\t\t\t<\/div>\n\t\t<\/section>\n\t\t\t\t<section class=\"elementor-section elementor-top-section elementor-element elementor-element-305ccc4 elementor-section-boxed elementor-section-height-default elementor-section-height-default\" data-id=\"305ccc4\" data-element_type=\"section\">\n\t\t\t\t\t\t<div class=\"elementor-container elementor-column-gap-default\">\n\t\t\t\t\t<div class=\"aux-parallax-section elementor-column elementor-col-100 elementor-top-column elementor-element elementor-element-949ace5\" data-id=\"949ace5\" data-element_type=\"column\">\n\t\t\t<div class=\"elementor-widget-wrap elementor-element-populated\">\n\t\t\t\t\t\t<div class=\"elementor-element elementor-element-957880f elementor-widget elementor-widget-text-editor\" data-id=\"957880f\" data-element_type=\"widget\" data-widget_type=\"text-editor.default\">\n\t\t\t\t<div class=\"elementor-widget-container\">\n\t\t\t\t\t\t\t\t\t<p><div class=\"glossary-term-bar\"><span class=\"glossary-link-initial-item\"><a href=\"#glossary-a\">a<\/a><\/span><span class=\"glossary-link-initial-item\"><a href=\"#glossary-b\">b<\/a><\/span><span class=\"glossary-link-initial-item\"><a href=\"#glossary-c\">c<\/a><\/span><span class=\"glossary-link-initial-item\"><a href=\"#glossary-d\">d<\/a><\/span><span class=\"glossary-link-initial-item\"><a href=\"#glossary-e\">e<\/a><\/span><span class=\"glossary-link-initial-item\"><a href=\"#glossary-f\">f<\/a><\/span><span class=\"glossary-link-initial-item\"><a href=\"#glossary-g\">g<\/a><\/span><span class=\"glossary-link-initial-item\"><a href=\"#glossary-h\">h<\/a><\/span><span class=\"glossary-link-initial-item\"><a href=\"#glossary-i\">i<\/a><\/span><span class=\"glossary-link-initial-item\"><a href=\"#glossary-j\">j<\/a><\/span><span class=\"glossary-no-link-initial-item\">k<\/span><span class=\"glossary-no-link-initial-item\">l<\/span><span class=\"glossary-link-initial-item\"><a href=\"#glossary-m\">m<\/a><\/span><span class=\"glossary-link-initial-item\"><a href=\"#glossary-n\">n<\/a><\/span><span class=\"glossary-no-link-initial-item\">o<\/span><span class=\"glossary-link-initial-item\"><a href=\"#glossary-p\">p<\/a><\/span><span class=\"glossary-no-link-initial-item\">q<\/span><span class=\"glossary-link-initial-item\"><a href=\"#glossary-r\">r<\/a><\/span><span class=\"glossary-link-initial-item\"><a href=\"#glossary-s\">s<\/a><\/span><span class=\"glossary-link-initial-item\"><a href=\"#glossary-t\">t<\/a><\/span><span class=\"glossary-link-initial-item\"><a href=\"#glossary-u\">u<\/a><\/span><span class=\"glossary-link-initial-item\"><a href=\"#glossary-v\">v<\/a><\/span><span class=\"glossary-no-link-initial-item\">w<\/span><span class=\"glossary-no-link-initial-item\">x<\/span><span class=\"glossary-no-link-initial-item\">y<\/span><span class=\"glossary-no-link-initial-item\">z<\/span><\/div><div class=\"glossary-term-list \"><div class=\"glossary-block glossary-block-a\"><span class=\"glossary-letter\" id=\"glossary-a\">a<\/span><ul><li><span class=\"glossary-link-item\"><a href=\"https:\/\/www.ecometta.org\/WordPress\/glossary\/altimetro\/\">Alt\u00edmetro<\/a><\/span><\/li><li><span class=\"glossary-link-item\"><a href=\"https:\/\/www.ecometta.org\/WordPress\/glossary\/anemocinemografo\/\">Anemocinem\u00f3grafo<\/a><\/span><\/li><li><span class=\"glossary-link-item\"><a href=\"https:\/\/www.ecometta.org\/WordPress\/glossary\/anemometro\/\">Anem\u00f3metro<\/a><\/span><\/li><li><span class=\"glossary-link-item\"><a href=\"https:\/\/www.ecometta.org\/WordPress\/glossary\/anemometro-de-ultrasonidos\/\">Anem\u00f3metro de ultrasonidos<\/a><\/span><\/li><li><span class=\"glossary-link-item\"><a href=\"https:\/\/www.ecometta.org\/WordPress\/glossary\/arco-circuncenital\/\">Arco circumhorizontal<\/a><\/span><\/li><li><span class=\"glossary-link-item\"><a href=\"https:\/\/www.ecometta.org\/WordPress\/glossary\/arco-circuncenital-2\/\">Arco circuncenital<\/a><\/span><\/li><li><span class=\"glossary-link-item\"><a href=\"https:\/\/www.ecometta.org\/WordPress\/glossary\/arco-iris\/\">Arco Iris<\/a><\/span><\/li><li><span class=\"glossary-link-item\"><a href=\"https:\/\/www.ecometta.org\/WordPress\/glossary\/arco-tangente-superior\/\">Arco tangente superior<\/a><\/span><\/li><li><span class=\"glossary-link-item\"><a href=\"https:\/\/www.ecometta.org\/WordPress\/glossary\/arcos-de-lowitz\/\">Arcos de Lowitz<\/a><\/span><\/li><li><span class=\"glossary-link-item\"><a href=\"https:\/\/www.ecometta.org\/WordPress\/glossary\/arcos-de-parry\/\">Arcos de Parry<\/a><\/span><\/li><li><span class=\"glossary-link-item\"><a href=\"https:\/\/www.ecometta.org\/WordPress\/glossary\/arcos-de-parry-2\/\">Arcos de Parry<\/a><\/span><\/li><li><span class=\"glossary-link-item\"><a href=\"https:\/\/www.ecometta.org\/WordPress\/glossary\/aspiropsicrometro\/\">Aspiropsicr\u00f3metro<\/a><\/span><\/li><li><span class=\"glossary-link-item\"><a href=\"https:\/\/www.ecometta.org\/WordPress\/glossary\/auroras\/\">Auroras<\/a><\/span><\/li><\/ul><\/div><div class=\"glossary-block glossary-block-b\"><span class=\"glossary-letter\" id=\"glossary-b\">b<\/span><ul><li><span class=\"glossary-link-item\"><a href=\"https:\/\/www.ecometta.org\/WordPress\/glossary\/barografo-2\/\">Bar\u00f3grafo<\/a><\/span><\/li><li><span class=\"glossary-link-item\"><a href=\"https:\/\/www.ecometta.org\/WordPress\/glossary\/barografo\/\">Bar\u00f3grafo<\/a><\/span><\/li><li><span class=\"glossary-link-item\"><a href=\"https:\/\/www.ecometta.org\/WordPress\/glossary\/barometro-aneroide\/\">Bar\u00f3metro aneroide<\/a><\/span><\/li><li><span class=\"glossary-link-item\"><a href=\"https:\/\/www.ecometta.org\/WordPress\/glossary\/barometro-de-mercurio\/\">Bar\u00f3metro de mercurio<\/a><\/span><\/li><\/ul><\/div><div class=\"glossary-block glossary-block-c\"><span class=\"glossary-letter\" id=\"glossary-c\">c<\/span><ul><li><span class=\"glossary-link-item\"><a href=\"https:\/\/www.ecometta.org\/WordPress\/glossary\/circulo-parhelico\/\">C\u00edrculo parhelico<\/a><\/span><\/li><\/ul><\/div><div class=\"glossary-block glossary-block-d\"><span class=\"glossary-letter\" id=\"glossary-d\">d<\/span><ul><li><span class=\"glossary-link-item\"><a href=\"https:\/\/www.ecometta.org\/WordPress\/glossary\/data-logger\/\">Data-logger<\/a><\/span><\/li><\/ul><\/div><div class=\"glossary-block glossary-block-e\"><span class=\"glossary-letter\" id=\"glossary-e\">e<\/span><ul><li><span class=\"glossary-link-item\"><a href=\"https:\/\/www.ecometta.org\/WordPress\/glossary\/edward-griegsuite-no-1-op-46-la-manana\/\">Edward GriegSuite n\u00ba 1, op. 46. &#8211; La Ma\u00f1ana<\/a><\/span><\/li><li><span class=\"glossary-link-item\"><a href=\"https:\/\/www.ecometta.org\/WordPress\/glossary\/estacion-meteorologica-automatica\/\">Estaci\u00f3n meteorol\u00f3gica autom\u00e1tica<\/a><\/span><\/li><li><span class=\"glossary-link-item\"><a href=\"https:\/\/www.ecometta.org\/WordPress\/glossary\/evaporimetro-de-piche\/\">Evapor\u00edmetro de Pich\u00e9<\/a><\/span><\/li><\/ul><\/div><div class=\"glossary-block glossary-block-f\"><span class=\"glossary-letter\" id=\"glossary-f\">f<\/span><ul><li><span class=\"glossary-link-item\"><a href=\"https:\/\/www.ecometta.org\/WordPress\/glossary\/flowcapt\/\">Flowcapt<\/a><\/span><\/li><\/ul><\/div><div class=\"glossary-block glossary-block-g\"><span class=\"glossary-letter\" id=\"glossary-g\">g<\/span><ul><li><span class=\"glossary-link-item\"><a href=\"https:\/\/www.ecometta.org\/WordPress\/glossary\/garita-meteorologica\/\">Garita meteorol\u00f3gica<\/a><\/span><\/li><li><span class=\"glossary-link-item\"><a href=\"https:\/\/www.ecometta.org\/WordPress\/glossary\/granizometro\/\">Graniz\u00f3metro<\/a><\/span><\/li><\/ul><\/div><div class=\"glossary-block glossary-block-h\"><span class=\"glossary-letter\" id=\"glossary-h\">h<\/span><ul><li><span class=\"glossary-link-item\"><a href=\"https:\/\/www.ecometta.org\/WordPress\/glossary\/heliografo\/\">Heli\u00f3grafo<\/a><\/span><\/li><li><span class=\"glossary-link-item\"><a href=\"https:\/\/www.ecometta.org\/WordPress\/glossary\/higrometro\/\">Higr\u00f3metro<\/a><\/span><\/li><\/ul><\/div><div class=\"glossary-block glossary-block-i\"><span class=\"glossary-letter\" id=\"glossary-i\">i<\/span><ul><li><span class=\"glossary-link-item\"><a href=\"https:\/\/www.ecometta.org\/WordPress\/glossary\/invierno-de-vivaldi\/\">Invierno de Vivaldi<\/a><\/span><\/li><\/ul><\/div><div class=\"glossary-block glossary-block-j\"><span class=\"glossary-letter\" id=\"glossary-j\">j<\/span><ul><li><span class=\"glossary-link-item\"><a href=\"https:\/\/www.ecometta.org\/WordPress\/glossary\/johann-sebastian-bach-air\/\">Johann Sebastian Bach &#8211; Air<\/a><\/span><\/li><\/ul><\/div><div class=\"glossary-block glossary-block-m\"><span class=\"glossary-letter\" id=\"glossary-m\">m<\/span><ul><li><span class=\"glossary-link-item\"><a href=\"https:\/\/www.ecometta.org\/WordPress\/glossary\/mareometro-o-mareografo\/\">Mare\u00f3metro o mare\u00f3grafo<\/a><\/span><\/li><\/ul><\/div><div class=\"glossary-block glossary-block-n\"><span class=\"glossary-letter\" id=\"glossary-n\">n<\/span><ul><li><span class=\"glossary-link-item\"><a href=\"https:\/\/www.ecometta.org\/WordPress\/glossary\/nefobasimetro\/\">Nefobas\u00edmetro<\/a><\/span><\/li><li><span class=\"glossary-link-item\"><a href=\"https:\/\/www.ecometta.org\/WordPress\/glossary\/nubes\/\">Nubes<\/a><\/span><\/li><\/ul><\/div><div class=\"glossary-block glossary-block-p\"><span class=\"glossary-letter\" id=\"glossary-p\">p<\/span><ul><li><span class=\"glossary-link-item\"><a href=\"https:\/\/www.ecometta.org\/WordPress\/glossary\/piranometro\/\">Piran\u00f3metro<\/a><\/span><\/li><li><span class=\"glossary-link-item\"><a href=\"https:\/\/www.ecometta.org\/WordPress\/glossary\/pluviografo\/\">Pluvi\u00f3grafo<\/a><\/span><\/li><li><span class=\"glossary-link-item\"><a href=\"https:\/\/www.ecometta.org\/WordPress\/glossary\/pluviometro\/\">Pluvi\u00f3metro<\/a><\/span><\/li><li><span class=\"glossary-link-item\"><a href=\"https:\/\/www.ecometta.org\/WordPress\/glossary\/psicrometro\/\">Psicr\u00f3metro<\/a><\/span><\/li><\/ul><\/div><div class=\"glossary-block glossary-block-r\"><span class=\"glossary-letter\" id=\"glossary-r\">r<\/span><ul><li><span class=\"glossary-link-item\"><a href=\"https:\/\/www.ecometta.org\/WordPress\/glossary\/recolector-de-niebla\/\">Recolector de niebla<\/a><\/span><\/li><\/ul><\/div><div class=\"glossary-block glossary-block-s\"><span class=\"glossary-letter\" id=\"glossary-s\">s<\/span><ul><li><span class=\"glossary-link-item\"><a href=\"https:\/\/www.ecometta.org\/WordPress\/glossary\/sinfonia-no-6-beethoven\/\">Sinfonia N\u00ba 6 &#8211; Beethoven<\/a><\/span><\/li><\/ul><\/div><div class=\"glossary-block glossary-block-t\"><span class=\"glossary-letter\" id=\"glossary-t\">t<\/span><ul><li><span class=\"glossary-link-item\"><a href=\"https:\/\/www.ecometta.org\/WordPress\/glossary\/tanque-de-evaporacion\/\">Tanque de evaporaci\u00f3n<\/a><\/span><\/li><li><span class=\"glossary-link-item\"><a href=\"https:\/\/www.ecometta.org\/WordPress\/glossary\/termohigrografo\/\">Termohigr\u00f3grafo<\/a><\/span><\/li><li><span class=\"glossary-link-item\"><a href=\"https:\/\/www.ecometta.org\/WordPress\/glossary\/termometro-de-maximas-y-minimas\/\">Term\u00f3metro de m\u00e1ximas y m\u00ednimas<\/a><\/span><\/li><\/ul><\/div><div class=\"glossary-block glossary-block-u\"><span class=\"glossary-letter\" id=\"glossary-u\">u<\/span><ul><li><span class=\"glossary-link-item\"><a href=\"https:\/\/www.ecometta.org\/WordPress\/glossary\/unidades-de-medida-de-temperatura\/\">Unidades de medida de temperatura<\/a><\/span><\/li><\/ul><\/div><div class=\"glossary-block glossary-block-v\"><span class=\"glossary-letter\" id=\"glossary-v\">v<\/span><ul><li><span class=\"glossary-link-item\"><a href=\"https:\/\/www.ecometta.org\/WordPress\/glossary\/veleta\/\">Veleta<\/a><\/span><\/li><li><span class=\"glossary-link-item\"><a href=\"https:\/\/www.ecometta.org\/WordPress\/glossary\/vivaldi-antes-de-y-la-tormenta-de-verano\/\">Vivaldi &#8211; Antes\u00a0de y la tormenta de verano<\/a><\/span><\/li><\/ul><\/div><\/div><\/p>\t\t\t\t\t\t\t\t<\/div>\n\t\t\t\t<\/div>\n\t\t\t\t\t<\/div>\n\t\t<\/div>\n\t\t\t\t\t<\/div>\n\t\t<\/section>\n\t\t\t\t<\/div>\n\t\t","protected":false},"excerpt":{"rendered":"<p>Bienvenidos a Ecometta Wiki La wiki de Ecometta. 41 art\u00edculos desde Febrero de 2017 Esta es la wiki en la que se atesoran todos los conocimientos sobre meteorolog\u00eda, ecolog\u00eda y astronom\u00eda de Ecometta. Desde la\u00a0web oficial de la\u00a0Asociaci\u00f3n Ecometta\u00a0os damos la bienvenida. Este es un espacio dedicado a la educaci\u00f3n, el respeto y la admiraci\u00f3n [&hellip;]<\/p>\n","protected":false},"author":1,"featured_media":0,"parent":0,"menu_order":0,"comment_status":"closed","ping_status":"closed","template":"","meta":{"footnotes":""},"class_list":["post-306","page","type-page","status-publish","hentry"],"_links":{"self":[{"href":"https:\/\/www.ecometta.org\/WordPress\/wp-json\/wp\/v2\/pages\/306","targetHints":{"allow":["GET"]}}],"collection":[{"href":"https:\/\/www.ecometta.org\/WordPress\/wp-json\/wp\/v2\/pages"}],"about":[{"href":"https:\/\/www.ecometta.org\/WordPress\/wp-json\/wp\/v2\/types\/page"}],"author":[{"embeddable":true,"href":"https:\/\/www.ecometta.org\/WordPress\/wp-json\/wp\/v2\/users\/1"}],"replies":[{"embeddable":true,"href":"https:\/\/www.ecometta.org\/WordPress\/wp-json\/wp\/v2\/comments?post=306"}],"version-history":[{"count":93,"href":"https:\/\/www.ecometta.org\/WordPress\/wp-json\/wp\/v2\/pages\/306\/revisions"}],"predecessor-version":[{"id":2508,"href":"https:\/\/www.ecometta.org\/WordPress\/wp-json\/wp\/v2\/pages\/306\/revisions\/2508"}],"wp:attachment":[{"href":"https:\/\/www.ecometta.org\/WordPress\/wp-json\/wp\/v2\/media?parent=306"}],"curies":[{"name":"wp","href":"https:\/\/api.w.org\/{rel}","templated":true}]}}