{"id":438,"date":"2023-07-11T23:22:28","date_gmt":"2023-07-11T23:22:28","guid":{"rendered":"https:\/\/www.ecometta.org\/WordPress\/?page_id=438"},"modified":"2023-10-10T10:54:58","modified_gmt":"2023-10-10T10:54:58","slug":"contacta-y-colabora","status":"publish","type":"page","link":"https:\/\/www.ecometta.org\/WordPress\/contacta-y-colabora\/","title":{"rendered":"CONTACTA Y COLABORA"},"content":{"rendered":"\t\t<div data-elementor-type=\"wp-page\" data-elementor-id=\"438\" class=\"elementor elementor-438\" data-elementor-post-type=\"page\">\n\t\t\t\t\t\t<section class=\"elementor-section elementor-top-section elementor-element elementor-element-5941437 elementor-section-boxed elementor-section-height-default elementor-section-height-default\" data-id=\"5941437\" data-element_type=\"section\">\n\t\t\t\t\t\t<div class=\"elementor-container elementor-column-gap-default\">\n\t\t\t\t\t<div class=\"aux-parallax-section elementor-column elementor-col-33 elementor-top-column elementor-element elementor-element-1b6924c\" data-id=\"1b6924c\" data-element_type=\"column\">\n\t\t\t<div class=\"elementor-widget-wrap\">\n\t\t\t\t\t\t\t<\/div>\n\t\t<\/div>\n\t\t\t\t<div class=\"aux-parallax-section elementor-column elementor-col-33 elementor-top-column elementor-element elementor-element-a505b07\" data-id=\"a505b07\" data-element_type=\"column\">\n\t\t\t<div class=\"elementor-widget-wrap elementor-element-populated\">\n\t\t\t\t\t\t<div class=\"elementor-element elementor-element-d7253fd elementor-widget elementor-widget-heading\" data-id=\"d7253fd\" data-element_type=\"widget\" data-widget_type=\"heading.default\">\n\t\t\t\t<div class=\"elementor-widget-container\">\n\t\t\t\t\t<h2 class=\"elementor-heading-title elementor-size-default\"><h2>Si te gusta la Meteorolog\u00eda, la Astronom\u00eda, la Ecolog\u00eda...\nSi te gusta la Naturaleza y crees que puedes echar una mano...<\/h2>\n<p>AP\u00daNTATE COMO COLABORADOR DE LA ASOCIACI\u00d3N ECOMETTA. PODR\u00c1S TENER OPCI\u00d3N A UN PUESTO DE TRABAJO.<\/p><\/h2>\t\t\t\t<\/div>\n\t\t\t\t<\/div>\n\t\t\t\t<div class=\"elementor-element elementor-element-1173ee09 elementor-widget elementor-widget-image\" data-id=\"1173ee09\" data-element_type=\"widget\" data-settings=\"{&quot;motion_fx_motion_fx_scrolling&quot;:&quot;yes&quot;,&quot;motion_fx_translateY_effect&quot;:&quot;yes&quot;,&quot;motion_fx_translateY_speed&quot;:{&quot;unit&quot;:&quot;px&quot;,&quot;size&quot;:&quot;2&quot;,&quot;sizes&quot;:[]},&quot;motion_fx_devices&quot;:[&quot;desktop&quot;],&quot;motion_fx_translateY_affectedRange&quot;:{&quot;unit&quot;:&quot;%&quot;,&quot;size&quot;:&quot;&quot;,&quot;sizes&quot;:{&quot;start&quot;:0,&quot;end&quot;:100}}}\" data-widget_type=\"image.default\">\n\t\t\t\t<div class=\"elementor-widget-container\">\n\t\t\t\t\t\t\t\t\t\t\t\t\t\t\t<img fetchpriority=\"high\" decoding=\"async\" width=\"1719\" height=\"790\" src=\"https:\/\/www.ecometta.org\/WordPress\/wp-content\/uploads\/2023\/07\/Contact-Pic.png\" class=\"attachment-full size-full wp-image-456\" alt=\"\" srcset=\"https:\/\/www.ecometta.org\/WordPress\/wp-content\/uploads\/2023\/07\/Contact-Pic.png 1719w, https:\/\/www.ecometta.org\/WordPress\/wp-content\/uploads\/2023\/07\/Contact-Pic-1536x706.png 1536w, https:\/\/www.ecometta.org\/WordPress\/wp-content\/uploads\/2023\/07\/Contact-Pic-200x92.png 200w\" sizes=\"(max-width: 1719px) 100vw, 1719px\" \/>\t\t\t\t\t\t\t\t\t\t\t\t\t\t\t<\/div>\n\t\t\t\t<\/div>\n\t\t\t\t\t<\/div>\n\t\t<\/div>\n\t\t\t\t<div class=\"aux-parallax-section elementor-column elementor-col-33 elementor-top-column elementor-element elementor-element-78d61b3\" data-id=\"78d61b3\" data-element_type=\"column\">\n\t\t\t<div class=\"elementor-widget-wrap\">\n\t\t\t\t\t\t\t<\/div>\n\t\t<\/div>\n\t\t\t\t\t<\/div>\n\t\t<\/section>\n\t\t\t\t<section class=\"elementor-section elementor-top-section elementor-element elementor-element-034e712 elementor-section-boxed elementor-section-height-default elementor-section-height-default\" data-id=\"034e712\" data-element_type=\"section\">\n\t\t\t\t\t\t<div class=\"elementor-container elementor-column-gap-default\">\n\t\t\t\t\t<div class=\"aux-parallax-section elementor-column elementor-col-33 elementor-top-column elementor-element elementor-element-f1c8233\" data-id=\"f1c8233\" data-element_type=\"column\">\n\t\t\t<div class=\"elementor-widget-wrap\">\n\t\t\t\t\t\t\t<\/div>\n\t\t<\/div>\n\t\t\t\t<div class=\"aux-parallax-section elementor-column elementor-col-33 elementor-top-column elementor-element elementor-element-bf248e9\" data-id=\"bf248e9\" data-element_type=\"column\">\n\t\t\t<div class=\"elementor-widget-wrap elementor-element-populated\">\n\t\t\t\t\t\t<div class=\"elementor-element elementor-element-a5d11f1 elementor-widget elementor-widget-text-editor\" data-id=\"a5d11f1\" data-element_type=\"widget\" data-widget_type=\"text-editor.default\">\n\t\t\t\t<div class=\"elementor-widget-container\">\n\t\t\t\t\t\t\t\t\t<p class=\"imAlign_justify\"><span class=\"ff2 fc0 fs10\">Env\u00edanos un correo electr\u00f3nico a <\/span><strong><span class=\"ff2 fc4 fs10 fb\">ecomettaorg@gmail.com<\/span><\/strong><span class=\"ff2 fc0 fs10\"> con tus datos personales, nombre, apellidos, localidad y pa\u00eds. Haznos saber como te gustar\u00eda colaborar con nosotros. En nuestros proyectos necesitamos inform\u00e1ticos, fot\u00f3grafos, arquitectos, dise\u00f1adores de p\u00e1ginas web, editores de revistas, educadores ambientales, aficionados a la meteorolog\u00eda, empresas relacionadas con las energ\u00edas renovables y un largo etc.<\/span><\/p><p class=\"imAlign_justify\"><span class=\"ff2 fc0 fs10\">Una vez admitido\/a como colaborador\/a, recibir\u00e1s de forma gratuita el Bolet\u00edn Informativo \u00abEl Flash\u00bb, la Revista Naturmet en formato pdf, y te enviaremos un carnet que te dar\u00e1 acceso a informaciones exclusivas y a eventos que organicemos,\u00a0la posibilidad de elaborar art\u00edculos para nuestra revista \u00a0y si descubrimos que tienes talento, creatividad y capacidad de trabajar en grupo, tendr\u00e1s opci\u00f3n a un puesto de trabajo.<\/span><\/p>\t\t\t\t\t\t\t\t<\/div>\n\t\t\t\t<\/div>\n\t\t\t\t\t<\/div>\n\t\t<\/div>\n\t\t\t\t<div class=\"aux-parallax-section elementor-column elementor-col-33 elementor-top-column elementor-element elementor-element-64b9ec1\" data-id=\"64b9ec1\" data-element_type=\"column\">\n\t\t\t<div class=\"elementor-widget-wrap\">\n\t\t\t\t\t\t\t<\/div>\n\t\t<\/div>\n\t\t\t\t\t<\/div>\n\t\t<\/section>\n\t\t\t\t<section class=\"elementor-section elementor-top-section elementor-element elementor-element-7fb9586 elementor-section-boxed elementor-section-height-default elementor-section-height-default\" data-id=\"7fb9586\" data-element_type=\"section\">\n\t\t\t\t\t\t<div class=\"elementor-container elementor-column-gap-default\">\n\t\t\t\t\t<div class=\"aux-parallax-section elementor-column elementor-col-25 elementor-top-column elementor-element elementor-element-bf485fc\" data-id=\"bf485fc\" data-element_type=\"column\">\n\t\t\t<div class=\"elementor-widget-wrap\">\n\t\t\t\t\t\t\t<\/div>\n\t\t<\/div>\n\t\t\t\t<div class=\"aux-parallax-section elementor-column elementor-col-25 elementor-top-column elementor-element elementor-element-783ffd0\" data-id=\"783ffd0\" data-element_type=\"column\">\n\t\t\t<div class=\"elementor-widget-wrap elementor-element-populated\">\n\t\t\t\t\t\t<div class=\"elementor-element elementor-element-ef8fc13 elementor-widget elementor-widget-spacer\" data-id=\"ef8fc13\" data-element_type=\"widget\" data-widget_type=\"spacer.default\">\n\t\t\t\t<div class=\"elementor-widget-container\">\n\t\t\t\t\t\t\t<div class=\"elementor-spacer\">\n\t\t\t<div class=\"elementor-spacer-inner\"><\/div>\n\t\t<\/div>\n\t\t\t\t\t\t<\/div>\n\t\t\t\t<\/div>\n\t\t\t\t<div class=\"elementor-element elementor-element-b6a366b elementor-widget__width-initial elementor-widget elementor-widget-image\" data-id=\"b6a366b\" data-element_type=\"widget\" data-widget_type=\"image.default\">\n\t\t\t\t<div class=\"elementor-widget-container\">\n\t\t\t\t\t\t\t\t\t\t\t\t\t\t\t\t<a href=\"https:\/\/ecometta.fandom.com\/es\/wiki\/Ecometta_Wiki\">\n\t\t\t\t\t\t\t<img decoding=\"async\" width=\"700\" height=\"509\" src=\"https:\/\/www.ecometta.org\/WordPress\/wp-content\/uploads\/2023\/07\/CartelPatrocinador.jpg\" class=\"attachment-full size-full wp-image-457\" alt=\"\" srcset=\"https:\/\/www.ecometta.org\/WordPress\/wp-content\/uploads\/2023\/07\/CartelPatrocinador.jpg 700w, https:\/\/www.ecometta.org\/WordPress\/wp-content\/uploads\/2023\/07\/CartelPatrocinador-200x145.jpg 200w\" sizes=\"(max-width: 700px) 100vw, 700px\" \/>\t\t\t\t\t\t\t\t<\/a>\n\t\t\t\t\t\t\t\t\t\t\t\t\t\t\t<\/div>\n\t\t\t\t<\/div>\n\t\t\t\t\t<\/div>\n\t\t<\/div>\n\t\t\t\t<div class=\"aux-parallax-section elementor-column elementor-col-25 elementor-top-column elementor-element elementor-element-79463a5\" data-id=\"79463a5\" data-element_type=\"column\">\n\t\t\t<div class=\"elementor-widget-wrap elementor-element-populated\">\n\t\t\t\t\t\t<div class=\"elementor-element elementor-element-ca9d55d elementor-widget elementor-widget-spacer\" data-id=\"ca9d55d\" data-element_type=\"widget\" data-widget_type=\"spacer.default\">\n\t\t\t\t<div class=\"elementor-widget-container\">\n\t\t\t\t\t\t\t<div class=\"elementor-spacer\">\n\t\t\t<div class=\"elementor-spacer-inner\"><\/div>\n\t\t<\/div>\n\t\t\t\t\t\t<\/div>\n\t\t\t\t<\/div>\n\t\t\t\t<div class=\"elementor-element elementor-element-57450f80 elementor-widget elementor-widget-heading\" data-id=\"57450f80\" data-element_type=\"widget\" data-widget_type=\"heading.default\">\n\t\t\t\t<div class=\"elementor-widget-container\">\n\t\t\t\t\t<h1 class=\"elementor-heading-title elementor-size-default\">La Asociaci\u00f3n Ecometta busca\n <b>PATROCINADORES Y MECENAS:<\/b><\/h1>\t\t\t\t<\/div>\n\t\t\t\t<\/div>\n\t\t\t\t<div class=\"elementor-element elementor-element-59015ec elementor-widget__width-initial elementor-widget elementor-widget-text-editor\" data-id=\"59015ec\" data-element_type=\"widget\" data-widget_type=\"text-editor.default\">\n\t\t\t\t<div class=\"elementor-widget-container\">\n\t\t\t\t\t\t\t\t\t<p style=\"text-align: left;\">La Asociaci\u00f3n Ecometta est\u00e1 tratando de llevar a cabo el Museo de las Nubes.<\/p><p style=\"text-align: left;\">Su empresa puede tener presencia en dicho proyecto de alcance internacional y \u00fanico en el mundo.<\/p><h5 style=\"text-align: left;\"><strong><span style=\"color: #000000;\">\u00a1Patrocine nuestros proyectos desde s\u00f3lo 10 euros al mes!<\/span><\/strong><br \/><strong><span style=\"color: #000000;\">(120 \u20ac al a\u00f1o)<\/span><\/strong><\/h5><p style=\"text-align: left;\">Todas las aportaciones ser\u00e1n destinadas a fines educativos y de preservaci\u00f3n del medio ambiente, as\u00ed como al proyecto del Museo de las Nubes<\/p><p style=\"text-align: left;\">Este es el cartel que ponemos en su comercio o empresa para dar fe de su patrocinio una vez contratado.<\/p>\t\t\t\t\t\t\t\t<\/div>\n\t\t\t\t<\/div>\n\t\t\t\t<div class=\"elementor-element elementor-element-4677056 elementor-widget elementor-widget-spacer\" data-id=\"4677056\" data-element_type=\"widget\" data-widget_type=\"spacer.default\">\n\t\t\t\t<div class=\"elementor-widget-container\">\n\t\t\t\t\t\t\t<div class=\"elementor-spacer\">\n\t\t\t<div class=\"elementor-spacer-inner\"><\/div>\n\t\t<\/div>\n\t\t\t\t\t\t<\/div>\n\t\t\t\t<\/div>\n\t\t\t\t\t<\/div>\n\t\t<\/div>\n\t\t\t\t<div class=\"aux-parallax-section elementor-column elementor-col-25 elementor-top-column elementor-element elementor-element-9fed0a7\" data-id=\"9fed0a7\" data-element_type=\"column\">\n\t\t\t<div class=\"elementor-widget-wrap\">\n\t\t\t\t\t\t\t<\/div>\n\t\t<\/div>\n\t\t\t\t\t<\/div>\n\t\t<\/section>\n\t\t\t\t<section class=\"elementor-section elementor-top-section elementor-element elementor-element-8c36f8e elementor-section-boxed elementor-section-height-default elementor-section-height-default\" data-id=\"8c36f8e\" data-element_type=\"section\">\n\t\t\t\t\t\t<div class=\"elementor-container elementor-column-gap-default\">\n\t\t\t\t\t<div class=\"aux-parallax-section elementor-column elementor-col-33 elementor-top-column elementor-element elementor-element-4010fa6\" data-id=\"4010fa6\" data-element_type=\"column\">\n\t\t\t<div class=\"elementor-widget-wrap\">\n\t\t\t\t\t\t\t<\/div>\n\t\t<\/div>\n\t\t\t\t<div class=\"aux-parallax-section elementor-column elementor-col-33 elementor-top-column elementor-element elementor-element-93635ac\" data-id=\"93635ac\" data-element_type=\"column\">\n\t\t\t<div class=\"elementor-widget-wrap elementor-element-populated\">\n\t\t\t\t\t\t<div class=\"elementor-element elementor-element-7d45112 elementor-widget elementor-widget-spacer\" data-id=\"7d45112\" data-element_type=\"widget\" data-widget_type=\"spacer.default\">\n\t\t\t\t<div class=\"elementor-widget-container\">\n\t\t\t\t\t\t\t<div class=\"elementor-spacer\">\n\t\t\t<div class=\"elementor-spacer-inner\"><\/div>\n\t\t<\/div>\n\t\t\t\t\t\t<\/div>\n\t\t\t\t<\/div>\n\t\t\t\t<div class=\"elementor-element elementor-element-7a5fed2 elementor-widget elementor-widget-heading\" data-id=\"7a5fed2\" data-element_type=\"widget\" data-widget_type=\"heading.default\">\n\t\t\t\t<div class=\"elementor-widget-container\">\n\t\t\t\t\t<h1 class=\"elementor-heading-title elementor-size-default\">Donaciones para ayudar a nuestros  \n <b>proyectos did\u00e1cticos y cient\u00edficos:<\/b><\/h1>\t\t\t\t<\/div>\n\t\t\t\t<\/div>\n\t\t\t\t<div class=\"elementor-element elementor-element-690f80d elementor-widget__width-initial elementor-widget elementor-widget-text-editor\" data-id=\"690f80d\" data-element_type=\"widget\" data-widget_type=\"text-editor.default\">\n\t\t\t\t<div class=\"elementor-widget-container\">\n\t\t\t\t\t\t\t\t\t<h3 class=\"imAlign_center\" style=\"text-align: center;\"><strong><big><big><span class=\"ff3 fc2 fs10 fb\"><big>CaixaBank<\/big><\/span><\/big><span class=\"ff3 fc3 fs10 fb\">&nbsp;<\/span><\/big><\/strong><big><span class=\"ff3 fc3 fs10 fb\">&nbsp;<\/span><br><\/big><span class=\"ff3 fc2 fs10 fb\"><strong><big>IBAN ES09 2100 1120 6701 0152 3218<\/big><\/strong><br><\/span><\/h3>\n<p class=\"imAlign_left\"><span class=\"ff3 fc2 fs10 fb\"><br><\/span><span class=\"ff3 fc0 fs10\">Una vez hecha la transferencia deber\u00e1n enviarnos el comprobante al correo: <\/span><strong><span class=\"ff3 fc4 fs10 fb\">ecomettaorg@gmail.com<\/span><\/strong><\/p>\n<p>Una vez comprobado el pago se le enviar\u00e1 un documento acreditativo de su aportaci\u00f3n que le dar\u00e1 derecho a:<\/p>\n<ul class=\"imBullet\">\n<li class=\"imAlign_left\"><span class=\"ff3 fc0 fs10\">Recibir gratuitamente el Bolet\u00edn Informativo \u00abEl Flash\u00bb, la Revista Naturmet en formato pdf y otras publicaciones.<\/span><\/li>\n<li class=\"imAlign_left\"><span class=\"ff3 fc0 fs10\">Aparecer en los cr\u00e9ditos de nuestros audiovisuales y en tr\u00edpticos publicitarios.<\/span><span class=\"ff3 fc0 fs10\"><br><\/span><\/li>\n<li class=\"imAlign_left\"><span class=\"ff3 fc0 fs10\">Tener presencia en el futuro Museo de las Nubes, figurando el nombre de la empresa o del particular en las futuras instalaciones.<br><\/span><\/li>\n<li class=\"imAlign_left\"><span class=\"ff3 fc0 fs10\">La inserci\u00f3n de un anuncio en nuestras p\u00e1ginas web.<\/span><\/li>\n<li class=\"imAlign_left\"><span class=\"ff3 fc0 fs10\">Acceso al G.A.M. (Grupo de Alertas Meteorol\u00f3gicas), un grupo de WhatsApp exclusivo.<\/span><\/li>\n<li class=\"imAlign_left\"><span class=\"ff3 fc0 fs10\">Recibir el Calendario Meteorol\u00f3gico de la Asociaci\u00f3n.<\/span><\/li>\n<\/ul>\n<p>Si desea que su aportaci\u00f3n figure como \u00aban\u00f3nima\u00bb, s\u00f3lo tiene que informarlo a trav\u00e9s del correo electr\u00f3nico. En el caso de que no nos haga llegar el comprobante de la transferencia actuaremos de la misma manera.<\/p>\n<p><\/p>\t\t\t\t\t\t\t\t<\/div>\n\t\t\t\t<\/div>\n\t\t\t\t<div class=\"elementor-element elementor-element-a9b42b7 elementor-widget elementor-widget-spacer\" data-id=\"a9b42b7\" data-element_type=\"widget\" data-widget_type=\"spacer.default\">\n\t\t\t\t<div class=\"elementor-widget-container\">\n\t\t\t\t\t\t\t<div class=\"elementor-spacer\">\n\t\t\t<div class=\"elementor-spacer-inner\"><\/div>\n\t\t<\/div>\n\t\t\t\t\t\t<\/div>\n\t\t\t\t<\/div>\n\t\t\t\t\t<\/div>\n\t\t<\/div>\n\t\t\t\t<div class=\"aux-parallax-section elementor-column elementor-col-33 elementor-top-column elementor-element elementor-element-6d16495\" data-id=\"6d16495\" data-element_type=\"column\">\n\t\t\t<div class=\"elementor-widget-wrap\">\n\t\t\t\t\t\t\t<\/div>\n\t\t<\/div>\n\t\t\t\t\t<\/div>\n\t\t<\/section>\n\t\t\t\t<section class=\"elementor-section elementor-top-section elementor-element elementor-element-13ad71e elementor-section-boxed elementor-section-height-default elementor-section-height-default\" data-id=\"13ad71e\" data-element_type=\"section\">\n\t\t\t\t\t\t<div class=\"elementor-container elementor-column-gap-default\">\n\t\t\t\t\t<div class=\"aux-parallax-section elementor-column elementor-col-33 elementor-top-column elementor-element elementor-element-4bd5ff9\" data-id=\"4bd5ff9\" data-element_type=\"column\">\n\t\t\t<div class=\"elementor-widget-wrap\">\n\t\t\t\t\t\t\t<\/div>\n\t\t<\/div>\n\t\t\t\t<div class=\"aux-parallax-section elementor-column elementor-col-33 elementor-top-column elementor-element elementor-element-46b5023\" data-id=\"46b5023\" data-element_type=\"column\">\n\t\t\t<div class=\"elementor-widget-wrap elementor-element-populated\">\n\t\t\t\t\t\t<div class=\"elementor-element elementor-element-09cfe52 elementor-widget elementor-widget-text-editor\" data-id=\"09cfe52\" data-element_type=\"widget\" data-widget_type=\"text-editor.default\">\n\t\t\t\t<div class=\"elementor-widget-container\">\n\t\t\t\t\t\t\t\t\t<p class=\"imAlign_left\" style=\"text-align: center;\"><span class=\"ff3 fc3 fs10 fb\">An\u00fanciese en nuestras webs.<\/span><\/p><p class=\"imAlign_left\" style=\"text-align: center;\"><span class=\"ff3 fc2 fs10 fb\"><br \/>Aprovechando que tenemos decenas de miles de visitas al mes, su inversi\u00f3n en publicidad puede verse pronto recompensada. Ponga un anuncio en cualquiera de nuestras webs<\/span><\/p><p class=\"imAlign_left\" style=\"text-align: center;\"><span class=\"ff3 fc2 fs10 fb\"><br \/>En nuestra web de Meteorolog\u00eda:<br \/><\/span><\/p><p class=\"imAlign_center\" style=\"text-align: center;\"><span class=\"ff3 fc5 fs12 fb\"><a href=\"http:\/\/www.eltiempodelosaficionados.com\/index.html\">www.eltiempodelosaficionados.com<\/a><\/span><\/p><p class=\"imAlign_justify\" style=\"text-align: center;\"><span class=\"ff3 fc0 fs10 fb\">En nuestra web relacionada con la Astronom\u00eda:<\/span><\/p><p class=\"imAlign_justify\" style=\"text-align: center;\"><a href=\"http:\/\/www.4stations.com\/\"><big><big><span class=\"ff3 fc2 fs10 fb\"><big>www.4stations.com<\/big><\/span><\/big><\/big><\/a><\/p><p class=\"imAlign_justify\" style=\"text-align: center;\"><span class=\"ff3 fc0 fs10 fb\">En nuestra web relacionada con la m\u00fasica:<br \/><\/span><\/p><p class=\"imAlign_center\" style=\"text-align: center;\"><a href=\"http:\/\/www.meteomusica.com\/\"><span class=\"ff3 fc6 fs12 fb\">www.meteomusica.com<\/span><\/a> <span class=\"ff3 fc2 fs10 fb\">y\/o, en la web corporativa, la que esta visitando:<br \/><\/span><\/p><p class=\"imAlign_center\" style=\"text-align: center;\"><a href=\"http:\/\/www.ecometta.org\/\"><span class=\"ff3 fc3 fs12 fb\">www.ecometta.org<\/span><\/a><\/p><p class=\"imAlign_center\" style=\"text-align: center;\"><span class=\"ff3 fc2 fs10 fb\">Mucha gente ver\u00e1 su anuncio diariamente (una media de aproximadamente\u00a0<big>1600 visitas diarias<\/big>) y lo relacionar\u00e1n con una buena causa educativa y medio ambiental.<\/span><\/p><p class=\"imAlign_left\" style=\"text-align: center;\"><span class=\"ff3 fc2 fs10 fb\">P\u00f3ngase en contacto con nosotros a trav\u00e9s del correo electr\u00f3nico:<br \/><\/span><\/p><p class=\"imAlign_center\" style=\"text-align: center;\"><span class=\"ff3 fc7 fs12 fb\">ecomettaorg@gmail.com<\/span><span class=\"ff3 fc2 fs10 fb\"><span class=\"Apple-converted-space\">\u00a0<\/span><\/span><\/p><p class=\"imAlign_center\" style=\"text-align: center;\"><span class=\"ff3 fc2 fs10 fb\">Y por si no tiene muchas ganas de escribir, tambi\u00e9n le facilitamos nuestro m\u00f3vil, (le atenderemos de lunes a viernes en horario espa\u00f1ol de oficina):<\/span><\/p><p>\u00a0<\/p><h4 style=\"text-align: center;\"><em><span class=\"ff3 fc5 fs12 fb\">608 525 021<br \/><\/span><span class=\"ff3 fc0 fs10\">De lunes a viernes de 9 a 18;00 horas<\/span><span class=\"ff3 fc5 fs12 fb\"> <br \/><br \/>\u00a1An\u00edmese y colabore por una buena causa!<\/span><\/em><\/h4>\t\t\t\t\t\t\t\t<\/div>\n\t\t\t\t<\/div>\n\t\t\t\t\t<\/div>\n\t\t<\/div>\n\t\t\t\t<div class=\"aux-parallax-section elementor-column elementor-col-33 elementor-top-column elementor-element elementor-element-5196b8e\" data-id=\"5196b8e\" data-element_type=\"column\">\n\t\t\t<div class=\"elementor-widget-wrap\">\n\t\t\t\t\t\t\t<\/div>\n\t\t<\/div>\n\t\t\t\t\t<\/div>\n\t\t<\/section>\n\t\t\t\t<\/div>\n\t\t","protected":false},"excerpt":{"rendered":"<p>Si te gusta la Meteorolog\u00eda, la Astronom\u00eda, la Ecolog\u00eda&#8230; Si te gusta la Naturaleza y crees que puedes echar una mano&#8230; AP\u00daNTATE COMO COLABORADOR DE LA ASOCIACI\u00d3N ECOMETTA. PODR\u00c1S TENER OPCI\u00d3N A UN PUESTO DE TRABAJO. Env\u00edanos un correo electr\u00f3nico a ecomettaorg@gmail.com con tus datos personales, nombre, apellidos, localidad y pa\u00eds. Haznos saber como te [&hellip;]<\/p>\n","protected":false},"author":1,"featured_media":0,"parent":0,"menu_order":0,"comment_status":"closed","ping_status":"closed","template":"","meta":{"footnotes":""},"class_list":["post-438","page","type-page","status-publish","hentry"],"_links":{"self":[{"href":"https:\/\/www.ecometta.org\/WordPress\/wp-json\/wp\/v2\/pages\/438","targetHints":{"allow":["GET"]}}],"collection":[{"href":"https:\/\/www.ecometta.org\/WordPress\/wp-json\/wp\/v2\/pages"}],"about":[{"href":"https:\/\/www.ecometta.org\/WordPress\/wp-json\/wp\/v2\/types\/page"}],"author":[{"embeddable":true,"href":"https:\/\/www.ecometta.org\/WordPress\/wp-json\/wp\/v2\/users\/1"}],"replies":[{"embeddable":true,"href":"https:\/\/www.ecometta.org\/WordPress\/wp-json\/wp\/v2\/comments?post=438"}],"version-history":[{"count":16,"href":"https:\/\/www.ecometta.org\/WordPress\/wp-json\/wp\/v2\/pages\/438\/revisions"}],"predecessor-version":[{"id":2447,"href":"https:\/\/www.ecometta.org\/WordPress\/wp-json\/wp\/v2\/pages\/438\/revisions\/2447"}],"wp:attachment":[{"href":"https:\/\/www.ecometta.org\/WordPress\/wp-json\/wp\/v2\/media?parent=438"}],"curies":[{"name":"wp","href":"https:\/\/api.w.org\/{rel}","templated":true}]}}