{"id":871,"date":"2023-07-13T15:19:58","date_gmt":"2023-07-13T15:19:58","guid":{"rendered":"https:\/\/www.ecometta.org\/WordPress\/?page_id=871"},"modified":"2023-08-28T10:06:02","modified_gmt":"2023-08-28T10:06:02","slug":"revista-naturmet","status":"publish","type":"page","link":"https:\/\/www.ecometta.org\/WordPress\/revista-naturmet\/","title":{"rendered":"Revista Naturmet"},"content":{"rendered":"\t\t<div data-elementor-type=\"wp-page\" data-elementor-id=\"871\" class=\"elementor elementor-871\" data-elementor-post-type=\"page\">\n\t\t\t\t\t\t<section class=\"elementor-section elementor-top-section elementor-element elementor-element-4a42953 elementor-reverse-tablet elementor-reverse-mobile elementor-section-boxed elementor-section-height-default elementor-section-height-default\" data-id=\"4a42953\" data-element_type=\"section\">\n\t\t\t\t\t\t<div class=\"elementor-container elementor-column-gap-default\">\n\t\t\t\t\t<div class=\"aux-parallax-section elementor-column elementor-col-100 elementor-top-column elementor-element elementor-element-9443e49\" data-id=\"9443e49\" data-element_type=\"column\">\n\t\t\t<div class=\"elementor-widget-wrap elementor-element-populated\">\n\t\t\t\t\t\t<section class=\"elementor-section elementor-inner-section elementor-element elementor-element-a817f31 elementor-reverse-tablet elementor-reverse-mobile elementor-section-boxed elementor-section-height-default elementor-section-height-default\" data-id=\"a817f31\" data-element_type=\"section\">\n\t\t\t\t\t\t<div class=\"elementor-container elementor-column-gap-default\">\n\t\t\t\t\t<div class=\"aux-parallax-section elementor-column elementor-col-50 elementor-inner-column elementor-element elementor-element-67f8b4b\" data-id=\"67f8b4b\" data-element_type=\"column\">\n\t\t\t<div class=\"elementor-widget-wrap elementor-element-populated\">\n\t\t\t\t\t\t<div class=\"elementor-element elementor-element-837157c elementor-widget elementor-widget-heading\" data-id=\"837157c\" data-element_type=\"widget\" data-widget_type=\"heading.default\">\n\t\t\t\t<div class=\"elementor-widget-container\">\n\t\t\t\t\t<h2 class=\"elementor-heading-title elementor-size-default\">Revista mensual de informaci\u00f3n sobre Meteorologia, Astronom\u00eda, Ecolog\u00eda y Cambio Clim\u00e1tico  de la Asociaci\u00f3n Ecometta.<\/h2>\t\t\t\t<\/div>\n\t\t\t\t<\/div>\n\t\t\t\t<div class=\"elementor-element elementor-element-951414f elementor-widget elementor-widget-text-editor\" data-id=\"951414f\" data-element_type=\"widget\" data-widget_type=\"text-editor.default\">\n\t\t\t\t<div class=\"elementor-widget-container\">\n\t\t\t\t\t\t\t\t\t<p><b>\u00bfQu\u00e9 es NATURMET?<br \/><br \/>S<\/b>e trata de la primera Revista de periodicidad MENSUAL de tem\u00e1tica meteorol\u00f3gica y medio ambiental que se realiza en nuestro pa\u00eds. Es de lectura r\u00e1pida, sencilla y sobre todo muy visual, con gran contenido fotogr\u00e1fico, did\u00e1ctica y apta para todos los p\u00fablicos.<br \/><b><br \/>\u00bfCual es su objetivo?<\/b>\u00a0<br \/><br \/>Su objetivo es por un lado, infomar de nuestras actividades, noticias, proyectos, novedades, etc., y por otro, la divulgaci\u00f3n de la Meteorolog\u00eda, la Astronom\u00eda, la Ecolog\u00eda y el Cambio Clim\u00e1tico, as\u00ed como de otros datos culturales, did\u00e1cticos y de inter\u00e9s cient\u00edfico.<br \/><br \/><b>\u00bfA quien va dirigida?<br \/><\/b><br \/>Va dirigida al p\u00fablico en general, incluyendo, por tanto a personas que no tengan conocimentos previos de ciencia, y a los centros docentes que podr\u00e1n utilizarla para ofrecer datos fiables sobre diversos temas.<b><br \/><br \/>\u00bfParticipativa?<br \/><br \/><\/b>Si. Podr\u00e1n publicarse art\u00edculos, enlaces a v\u00eddeos, fotos, etc. de todas aquellas personas que se hagan colaboradoras. Se podr\u00e1n incluir secciones nuevas que nos propongan y podr\u00e1n participar los ni\u00f1os y ni\u00f1as desde cualquier lugar del mundo. La creatividad ser\u00e1 nuestra herramienta fudamental para mejorar y dar mejores contenidos.<\/p>\t\t\t\t\t\t\t\t<\/div>\n\t\t\t\t<\/div>\n\t\t\t\t\t<\/div>\n\t\t<\/div>\n\t\t\t\t<div class=\"aux-parallax-section elementor-column elementor-col-50 elementor-inner-column elementor-element elementor-element-3b33d12\" data-id=\"3b33d12\" data-element_type=\"column\">\n\t\t\t<div class=\"elementor-widget-wrap elementor-element-populated\">\n\t\t\t\t\t\t<div class=\"elementor-element elementor-element-9cb605e elementor-widget elementor-widget-image\" data-id=\"9cb605e\" data-element_type=\"widget\" data-widget_type=\"image.default\">\n\t\t\t\t<div class=\"elementor-widget-container\">\n\t\t\t\t\t\t\t\t\t\t\t\t\t\t\t\t<a href=\"http:\/\/www.naturmet.org\/Revista_naturmet_25.pdf\">\n\t\t\t\t\t\t\t<img fetchpriority=\"high\" decoding=\"async\" width=\"571\" height=\"807\" src=\"https:\/\/www.ecometta.org\/WordPress\/wp-content\/uploads\/2023\/08\/Captura-de-pantalla-2023-08-28-a-las-12.03.02.png\" class=\"attachment-large size-large wp-image-1491\" alt=\"\" srcset=\"https:\/\/www.ecometta.org\/WordPress\/wp-content\/uploads\/2023\/08\/Captura-de-pantalla-2023-08-28-a-las-12.03.02.png 571w, https:\/\/www.ecometta.org\/WordPress\/wp-content\/uploads\/2023\/08\/Captura-de-pantalla-2023-08-28-a-las-12.03.02-200x283.png 200w\" sizes=\"(max-width: 571px) 100vw, 571px\" \/>\t\t\t\t\t\t\t\t<\/a>\n\t\t\t\t\t\t\t\t\t\t\t\t\t\t\t<\/div>\n\t\t\t\t<\/div>\n\t\t\t\t\t<\/div>\n\t\t<\/div>\n\t\t\t\t\t<\/div>\n\t\t<\/section>\n\t\t\t\t\t<\/div>\n\t\t<\/div>\n\t\t\t\t\t<\/div>\n\t\t<\/section>\n\t\t\t\t<section class=\"elementor-section elementor-top-section elementor-element elementor-element-15a8495 elementor-section-boxed elementor-section-height-default elementor-section-height-default\" data-id=\"15a8495\" data-element_type=\"section\">\n\t\t\t\t\t\t<div class=\"elementor-container elementor-column-gap-default\">\n\t\t\t\t\t<div class=\"aux-parallax-section elementor-column elementor-col-100 elementor-top-column elementor-element elementor-element-7df5f6f\" data-id=\"7df5f6f\" data-element_type=\"column\">\n\t\t\t<div class=\"elementor-widget-wrap\">\n\t\t\t\t\t\t\t<\/div>\n\t\t<\/div>\n\t\t\t\t\t<\/div>\n\t\t<\/section>\n\t\t\t\t<section class=\"elementor-section elementor-top-section elementor-element elementor-element-7cb8332 elementor-section-boxed elementor-section-height-default elementor-section-height-default\" data-id=\"7cb8332\" data-element_type=\"section\">\n\t\t\t\t\t\t<div class=\"elementor-container elementor-column-gap-default\">\n\t\t\t\t\t<div class=\"aux-parallax-section elementor-column elementor-col-100 elementor-top-column elementor-element elementor-element-954a4a7\" data-id=\"954a4a7\" data-element_type=\"column\">\n\t\t\t<div class=\"elementor-widget-wrap elementor-element-populated\">\n\t\t\t\t\t\t<div class=\"elementor-element elementor-element-c05d68f elementor-widget elementor-widget-text-editor\" data-id=\"c05d68f\" data-element_type=\"widget\" data-widget_type=\"text-editor.default\">\n\t\t\t\t<div class=\"elementor-widget-container\">\n\t\t\t\t\t\t\t\t\t<iframe src=\"\/\/v.calameo.com\/library\/?type=account&#038;id=6147226&#038;rows=1&#038;sortBy=latestPublished&#038;theme=any&#038;thumbSize=large&#038;showTitle=true&#038;showShadow=true&#038;showGloss=true&#038;showInfo=account&#038;linkTo=view&#038;linkTarget=_blank\" width=\"100%\" height=\"240\" frameborder=\"0\" allowfullscreen allowtransparency><\/iframe>\t\t\t\t\t\t\t\t<\/div>\n\t\t\t\t<\/div>\n\t\t\t\t\t<\/div>\n\t\t<\/div>\n\t\t\t\t\t<\/div>\n\t\t<\/section>\n\t\t\t\t<section class=\"elementor-section elementor-top-section elementor-element elementor-element-90756bb elementor-section-boxed elementor-section-height-default elementor-section-height-default\" data-id=\"90756bb\" data-element_type=\"section\">\n\t\t\t\t\t\t<div class=\"elementor-container elementor-column-gap-default\">\n\t\t\t\t\t<div class=\"aux-parallax-section elementor-column elementor-col-100 elementor-top-column elementor-element elementor-element-5027b56\" data-id=\"5027b56\" data-element_type=\"column\">\n\t\t\t<div class=\"elementor-widget-wrap\">\n\t\t\t\t\t\t\t<\/div>\n\t\t<\/div>\n\t\t\t\t\t<\/div>\n\t\t<\/section>\n\t\t\t\t<\/div>\n\t\t","protected":false},"excerpt":{"rendered":"<p>Revista mensual de informaci\u00f3n sobre Meteorologia, Astronom\u00eda, Ecolog\u00eda y Cambio Clim\u00e1tico de la Asociaci\u00f3n Ecometta. \u00bfQu\u00e9 es NATURMET? Se trata de la primera Revista de periodicidad MENSUAL de tem\u00e1tica meteorol\u00f3gica y medio ambiental que se realiza en nuestro pa\u00eds. Es de lectura r\u00e1pida, sencilla y sobre todo muy visual, con gran contenido fotogr\u00e1fico, did\u00e1ctica y [&hellip;]<\/p>\n","protected":false},"author":1,"featured_media":0,"parent":0,"menu_order":0,"comment_status":"closed","ping_status":"closed","template":"","meta":{"footnotes":""},"class_list":["post-871","page","type-page","status-publish","hentry"],"_links":{"self":[{"href":"https:\/\/www.ecometta.org\/WordPress\/wp-json\/wp\/v2\/pages\/871","targetHints":{"allow":["GET"]}}],"collection":[{"href":"https:\/\/www.ecometta.org\/WordPress\/wp-json\/wp\/v2\/pages"}],"about":[{"href":"https:\/\/www.ecometta.org\/WordPress\/wp-json\/wp\/v2\/types\/page"}],"author":[{"embeddable":true,"href":"https:\/\/www.ecometta.org\/WordPress\/wp-json\/wp\/v2\/users\/1"}],"replies":[{"embeddable":true,"href":"https:\/\/www.ecometta.org\/WordPress\/wp-json\/wp\/v2\/comments?post=871"}],"version-history":[{"count":28,"href":"https:\/\/www.ecometta.org\/WordPress\/wp-json\/wp\/v2\/pages\/871\/revisions"}],"predecessor-version":[{"id":1500,"href":"https:\/\/www.ecometta.org\/WordPress\/wp-json\/wp\/v2\/pages\/871\/revisions\/1500"}],"wp:attachment":[{"href":"https:\/\/www.ecometta.org\/WordPress\/wp-json\/wp\/v2\/media?parent=871"}],"curies":[{"name":"wp","href":"https:\/\/api.w.org\/{rel}","templated":true}]}}